{"id":21671,"date":"2024-07-16T08:52:22","date_gmt":"2024-07-16T08:52:22","guid":{"rendered":"https:\/\/www.bluefinncharters.com\/?page_id=21671"},"modified":"2024-07-16T09:37:04","modified_gmt":"2024-07-16T09:37:04","slug":"catamaras-melhor-escolha-tour-a-curacao","status":"publish","type":"page","link":"https:\/\/www.bluefinncharters.com\/pt-br\/catamaras-melhor-escolha-tour-a-curacao\/","title":{"rendered":"Por que nossos catamar\u00e3s s\u00e3o a melhor escolha para seu tour a Cura\u00e7ao."},"content":{"rendered":"","protected":false},"excerpt":{"rendered":"","protected":false},"author":71,"featured_media":21141,"parent":0,"menu_order":0,"comment_status":"closed","ping_status":"closed","template":"","meta":{"footnotes":""},"tags":[701],"class_list":["post-21671","page","type-page","status-publish","has-post-thumbnail","hentry","tag-article-pt-br"],"meta_box":{"enable_sticky_booknow":"","sticky_booknow_label":"","captains":[],"sailors":[],"support":[],"reviews":[]},"_links":{"self":[{"href":"https:\/\/www.bluefinncharters.com\/pt-br\/wp-json\/wp\/v2\/pages\/21671","targetHints":{"allow":["GET"]}}],"collection":[{"href":"https:\/\/www.bluefinncharters.com\/pt-br\/wp-json\/wp\/v2\/pages"}],"about":[{"href":"https:\/\/www.bluefinncharters.com\/pt-br\/wp-json\/wp\/v2\/types\/page"}],"author":[{"embeddable":true,"href":"https:\/\/www.bluefinncharters.com\/pt-br\/wp-json\/wp\/v2\/users\/71"}],"replies":[{"embeddable":true,"href":"https:\/\/www.bluefinncharters.com\/pt-br\/wp-json\/wp\/v2\/comments?post=21671"}],"version-history":[{"count":3,"href":"https:\/\/www.bluefinncharters.com\/pt-br\/wp-json\/wp\/v2\/pages\/21671\/revisions"}],"predecessor-version":[{"id":22021,"href":"https:\/\/www.bluefinncharters.com\/pt-br\/wp-json\/wp\/v2\/pages\/21671\/revisions\/22021"}],"wp:featuredmedia":[{"embeddable":true,"href":"https:\/\/www.bluefinncharters.com\/pt-br\/wp-json\/wp\/v2\/media\/21141"}],"wp:attachment":[{"href":"https:\/\/www.bluefinncharters.com\/pt-br\/wp-json\/wp\/v2\/media?parent=21671"}],"wp:term":[{"taxonomy":"post_tag","embeddable":true,"href":"https:\/\/www.bluefinncharters.com\/pt-br\/wp-json\/wp\/v2\/tags?post=21671"}],"curies":[{"name":"wp","href":"https:\/\/api.w.org\/{rel}","templated":true}]}}