{"id":18671,"date":"2024-07-16T08:52:18","date_gmt":"2024-07-16T08:52:18","guid":{"rendered":"https:\/\/www.bluefinncharters.com\/?page_id=18671"},"modified":"2023-07-04T08:26:05","modified_gmt":"2023-07-04T08:26:05","slug":"o-mais-romantico-para-fazer-em-curacao-um-cruzeiro-ao-por-do-sol","status":"publish","type":"page","link":"https:\/\/www.bluefinncharters.com\/pt-br\/o-mais-romantico-para-fazer-em-curacao-um-cruzeiro-ao-por-do-sol\/","title":{"rendered":"O mais rom\u00e2ntico para fazer em Cura\u00e7ao: um cruzeiro ao p\u00f4r do sol!"},"content":{"rendered":"\n<p>Desfrute das melhores vistas da ilha num cruzeiro privado ao p\u00f4r do sol em Cura\u00e7ao. Descubra os lugares mais isolados para velejar e reserve agora para uma aventura inesquec\u00edvel.<\/p>\n","protected":false},"excerpt":{"rendered":"<p>Desfrute das melhores vistas da ilha num cruzeiro privado ao p\u00f4r do sol em Cura\u00e7ao. Descubra os lugares mais isolados para velejar e reserve agora para uma aventura inesquec\u00edvel.<\/p>\n","protected":false},"author":71,"featured_media":20221,"parent":0,"menu_order":0,"comment_status":"closed","ping_status":"closed","template":"","meta":{"footnotes":""},"tags":[701],"class_list":["post-18671","page","type-page","status-publish","has-post-thumbnail","hentry","tag-article-pt-br"],"meta_box":{"enable_sticky_booknow":"","sticky_booknow_label":"","captains":[],"sailors":[],"support":[],"reviews":[]},"_links":{"self":[{"href":"https:\/\/www.bluefinncharters.com\/pt-br\/wp-json\/wp\/v2\/pages\/18671","targetHints":{"allow":["GET"]}}],"collection":[{"href":"https:\/\/www.bluefinncharters.com\/pt-br\/wp-json\/wp\/v2\/pages"}],"about":[{"href":"https:\/\/www.bluefinncharters.com\/pt-br\/wp-json\/wp\/v2\/types\/page"}],"author":[{"embeddable":true,"href":"https:\/\/www.bluefinncharters.com\/pt-br\/wp-json\/wp\/v2\/users\/71"}],"replies":[{"embeddable":true,"href":"https:\/\/www.bluefinncharters.com\/pt-br\/wp-json\/wp\/v2\/comments?post=18671"}],"version-history":[{"count":2,"href":"https:\/\/www.bluefinncharters.com\/pt-br\/wp-json\/wp\/v2\/pages\/18671\/revisions"}],"predecessor-version":[{"id":18691,"href":"https:\/\/www.bluefinncharters.com\/pt-br\/wp-json\/wp\/v2\/pages\/18671\/revisions\/18691"}],"wp:featuredmedia":[{"embeddable":true,"href":"https:\/\/www.bluefinncharters.com\/pt-br\/wp-json\/wp\/v2\/media\/20221"}],"wp:attachment":[{"href":"https:\/\/www.bluefinncharters.com\/pt-br\/wp-json\/wp\/v2\/media?parent=18671"}],"wp:term":[{"taxonomy":"post_tag","embeddable":true,"href":"https:\/\/www.bluefinncharters.com\/pt-br\/wp-json\/wp\/v2\/tags?post=18671"}],"curies":[{"name":"wp","href":"https:\/\/api.w.org\/{rel}","templated":true}]}}