{"id":18531,"date":"2024-07-16T08:52:20","date_gmt":"2024-07-16T08:52:20","guid":{"rendered":"https:\/\/www.bluefinncharters.com\/?page_id=18531"},"modified":"2023-07-04T08:25:30","modified_gmt":"2023-07-04T08:25:30","slug":"mantenha-se-seguro-ao-fazer-snorkel-em-curacao-dicas-e-truques","status":"publish","type":"page","link":"https:\/\/www.bluefinncharters.com\/pt-br\/mantenha-se-seguro-ao-fazer-snorkel-em-curacao-dicas-e-truques\/","title":{"rendered":"Mantenha-se seguro ao fazer snorkel em Cura\u00e7ao: Dicas e truques"},"content":{"rendered":"\n<p>Aprenda as melhores dicas de seguran\u00e7a e truques para ter uma experi\u00eancia segura e agrad\u00e1vel ao fazer snorkel em Cura\u00e7ao.<\/p>\n","protected":false},"excerpt":{"rendered":"<p>Aprenda as melhores dicas de seguran\u00e7a e truques para ter uma experi\u00eancia segura e agrad\u00e1vel ao fazer snorkel em Cura\u00e7ao.<\/p>\n","protected":false},"author":71,"featured_media":19821,"parent":0,"menu_order":0,"comment_status":"closed","ping_status":"closed","template":"","meta":{"footnotes":""},"tags":[701],"class_list":["post-18531","page","type-page","status-publish","has-post-thumbnail","hentry","tag-article-pt-br"],"meta_box":{"enable_sticky_booknow":"","sticky_booknow_label":"","captains":[],"sailors":[],"support":[],"reviews":[]},"_links":{"self":[{"href":"https:\/\/www.bluefinncharters.com\/pt-br\/wp-json\/wp\/v2\/pages\/18531","targetHints":{"allow":["GET"]}}],"collection":[{"href":"https:\/\/www.bluefinncharters.com\/pt-br\/wp-json\/wp\/v2\/pages"}],"about":[{"href":"https:\/\/www.bluefinncharters.com\/pt-br\/wp-json\/wp\/v2\/types\/page"}],"author":[{"embeddable":true,"href":"https:\/\/www.bluefinncharters.com\/pt-br\/wp-json\/wp\/v2\/users\/71"}],"replies":[{"embeddable":true,"href":"https:\/\/www.bluefinncharters.com\/pt-br\/wp-json\/wp\/v2\/comments?post=18531"}],"version-history":[{"count":2,"href":"https:\/\/www.bluefinncharters.com\/pt-br\/wp-json\/wp\/v2\/pages\/18531\/revisions"}],"predecessor-version":[{"id":18551,"href":"https:\/\/www.bluefinncharters.com\/pt-br\/wp-json\/wp\/v2\/pages\/18531\/revisions\/18551"}],"wp:featuredmedia":[{"embeddable":true,"href":"https:\/\/www.bluefinncharters.com\/pt-br\/wp-json\/wp\/v2\/media\/19821"}],"wp:attachment":[{"href":"https:\/\/www.bluefinncharters.com\/pt-br\/wp-json\/wp\/v2\/media?parent=18531"}],"wp:term":[{"taxonomy":"post_tag","embeddable":true,"href":"https:\/\/www.bluefinncharters.com\/pt-br\/wp-json\/wp\/v2\/tags?post=18531"}],"curies":[{"name":"wp","href":"https:\/\/api.w.org\/{rel}","templated":true}]}}