{"id":18251,"date":"2024-07-16T08:52:18","date_gmt":"2024-07-16T08:52:18","guid":{"rendered":"https:\/\/www.bluefinncharters.com\/?page_id=18251"},"modified":"2023-07-04T08:25:08","modified_gmt":"2023-07-04T08:25:08","slug":"como-planejar-uma-viagem-economica-a-praia-em-curacao","status":"publish","type":"page","link":"https:\/\/www.bluefinncharters.com\/pt-br\/como-planejar-uma-viagem-economica-a-praia-em-curacao\/","title":{"rendered":"Como Planejar uma Viagem Econ\u00f4mica \u00e0 Praia em Cura\u00e7ao"},"content":{"rendered":"\n<p>Descubra dicas e truques para planejar uma viagem econ\u00f4mica \u00e0 praia em Cura\u00e7ao. Saiba mais sobre acomoda\u00e7\u00f5es acess\u00edveis, op\u00e7\u00f5es de restaurantes e atividades para economizar dinheiro enquanto ainda aproveita ao m\u00e1ximo.<\/p>\n","protected":false},"excerpt":{"rendered":"<p>Descubra dicas e truques para planejar uma viagem econ\u00f4mica \u00e0 praia em Cura\u00e7ao. Saiba mais sobre acomoda\u00e7\u00f5es acess\u00edveis, op\u00e7\u00f5es de restaurantes e atividades para economizar dinheiro enquanto ainda aproveita ao m\u00e1ximo.<\/p>\n","protected":false},"author":71,"featured_media":19321,"parent":0,"menu_order":0,"comment_status":"closed","ping_status":"closed","template":"","meta":{"footnotes":""},"tags":[701],"class_list":["post-18251","page","type-page","status-publish","has-post-thumbnail","hentry","tag-article-pt-br"],"meta_box":{"enable_sticky_booknow":"","sticky_booknow_label":"","captains":[],"sailors":[],"support":[],"reviews":[]},"_links":{"self":[{"href":"https:\/\/www.bluefinncharters.com\/pt-br\/wp-json\/wp\/v2\/pages\/18251","targetHints":{"allow":["GET"]}}],"collection":[{"href":"https:\/\/www.bluefinncharters.com\/pt-br\/wp-json\/wp\/v2\/pages"}],"about":[{"href":"https:\/\/www.bluefinncharters.com\/pt-br\/wp-json\/wp\/v2\/types\/page"}],"author":[{"embeddable":true,"href":"https:\/\/www.bluefinncharters.com\/pt-br\/wp-json\/wp\/v2\/users\/71"}],"replies":[{"embeddable":true,"href":"https:\/\/www.bluefinncharters.com\/pt-br\/wp-json\/wp\/v2\/comments?post=18251"}],"version-history":[{"count":2,"href":"https:\/\/www.bluefinncharters.com\/pt-br\/wp-json\/wp\/v2\/pages\/18251\/revisions"}],"predecessor-version":[{"id":18271,"href":"https:\/\/www.bluefinncharters.com\/pt-br\/wp-json\/wp\/v2\/pages\/18251\/revisions\/18271"}],"wp:featuredmedia":[{"embeddable":true,"href":"https:\/\/www.bluefinncharters.com\/pt-br\/wp-json\/wp\/v2\/media\/19321"}],"wp:attachment":[{"href":"https:\/\/www.bluefinncharters.com\/pt-br\/wp-json\/wp\/v2\/media?parent=18251"}],"wp:term":[{"taxonomy":"post_tag","embeddable":true,"href":"https:\/\/www.bluefinncharters.com\/pt-br\/wp-json\/wp\/v2\/tags?post=18251"}],"curies":[{"name":"wp","href":"https:\/\/api.w.org\/{rel}","templated":true}]}}