{"id":18141,"date":"2024-07-16T08:52:19","date_gmt":"2024-07-16T08:52:19","guid":{"rendered":"https:\/\/www.bluefinncharters.com\/?page_id=18141"},"modified":"2023-07-04T08:25:40","modified_gmt":"2023-07-04T08:25:40","slug":"mantenha-se-seguro-em-sua-viagem-a-praia-em-curacao-com-essas-dicas","status":"publish","type":"page","link":"https:\/\/www.bluefinncharters.com\/pt-br\/mantenha-se-seguro-em-sua-viagem-a-praia-em-curacao-com-essas-dicas\/","title":{"rendered":"Mantenha-se seguro em sua viagem \u00e0 praia em Cura\u00e7ao com essas dicas"},"content":{"rendered":"\n<p>Aprenda sobre as principais dicas de seguran\u00e7a na praia para Cura\u00e7ao, incluindo prote\u00e7\u00e3o solar, seguran\u00e7a na \u00e1gua e evitar perigos comuns na praia.<\/p>\n","protected":false},"excerpt":{"rendered":"<p>Aprenda sobre as principais dicas de seguran\u00e7a na praia para Cura\u00e7ao, incluindo prote\u00e7\u00e3o solar, seguran\u00e7a na \u00e1gua e evitar perigos comuns na praia.<\/p>\n","protected":false},"author":71,"featured_media":19071,"parent":0,"menu_order":0,"comment_status":"closed","ping_status":"closed","template":"","meta":{"footnotes":""},"tags":[701],"class_list":["post-18141","page","type-page","status-publish","has-post-thumbnail","hentry","tag-article-pt-br"],"meta_box":{"enable_sticky_booknow":"","sticky_booknow_label":"","captains":[],"sailors":[],"support":[],"reviews":[]},"_links":{"self":[{"href":"https:\/\/www.bluefinncharters.com\/pt-br\/wp-json\/wp\/v2\/pages\/18141","targetHints":{"allow":["GET"]}}],"collection":[{"href":"https:\/\/www.bluefinncharters.com\/pt-br\/wp-json\/wp\/v2\/pages"}],"about":[{"href":"https:\/\/www.bluefinncharters.com\/pt-br\/wp-json\/wp\/v2\/types\/page"}],"author":[{"embeddable":true,"href":"https:\/\/www.bluefinncharters.com\/pt-br\/wp-json\/wp\/v2\/users\/71"}],"replies":[{"embeddable":true,"href":"https:\/\/www.bluefinncharters.com\/pt-br\/wp-json\/wp\/v2\/comments?post=18141"}],"version-history":[{"count":2,"href":"https:\/\/www.bluefinncharters.com\/pt-br\/wp-json\/wp\/v2\/pages\/18141\/revisions"}],"predecessor-version":[{"id":18161,"href":"https:\/\/www.bluefinncharters.com\/pt-br\/wp-json\/wp\/v2\/pages\/18141\/revisions\/18161"}],"wp:featuredmedia":[{"embeddable":true,"href":"https:\/\/www.bluefinncharters.com\/pt-br\/wp-json\/wp\/v2\/media\/19071"}],"wp:attachment":[{"href":"https:\/\/www.bluefinncharters.com\/pt-br\/wp-json\/wp\/v2\/media?parent=18141"}],"wp:term":[{"taxonomy":"post_tag","embeddable":true,"href":"https:\/\/www.bluefinncharters.com\/pt-br\/wp-json\/wp\/v2\/tags?post=18141"}],"curies":[{"name":"wp","href":"https:\/\/api.w.org\/{rel}","templated":true}]}}