{"id":17801,"date":"2024-07-16T08:52:21","date_gmt":"2024-07-16T08:52:21","guid":{"rendered":"https:\/\/www.bluefinncharters.com\/the-ultimate-beach-trip-packing-list-for-curacao\/"},"modified":"2023-07-04T08:24:57","modified_gmt":"2023-07-04T08:24:57","slug":"a-lista-definitiva-de-itens-para-levar-na-sua-viagem-a-praia-em-curacao","status":"publish","type":"page","link":"https:\/\/www.bluefinncharters.com\/pt-br\/a-lista-definitiva-de-itens-para-levar-na-sua-viagem-a-praia-em-curacao\/","title":{"rendered":"A Lista Definitiva de Itens para Levar na sua Viagem \u00e0 Praia em Cura\u00e7ao"},"content":{"rendered":"\n<p>Certifique-se de que tem tudo que precisa para uma viagem de sucesso \u00e0 praia em Cura\u00e7ao com a nossa lista de itens. Conhe\u00e7a os itens essenciais, bem como aqueles que voc\u00ea pode esquecer de levar.<\/p>\n","protected":false},"excerpt":{"rendered":"<p>Certifique-se de que tem tudo que precisa para uma viagem de sucesso \u00e0 praia em Cura\u00e7ao com a nossa lista de itens. Conhe\u00e7a os itens essenciais, bem como aqueles que voc\u00ea pode esquecer de levar.<\/p>\n","protected":false},"author":71,"featured_media":18821,"parent":0,"menu_order":0,"comment_status":"closed","ping_status":"closed","template":"","meta":{"footnotes":""},"tags":[701],"class_list":["post-17801","page","type-page","status-publish","has-post-thumbnail","hentry","tag-article-pt-br"],"meta_box":{"enable_sticky_booknow":"","sticky_booknow_label":"","captains":[],"sailors":[],"support":[],"reviews":[]},"_links":{"self":[{"href":"https:\/\/www.bluefinncharters.com\/pt-br\/wp-json\/wp\/v2\/pages\/17801","targetHints":{"allow":["GET"]}}],"collection":[{"href":"https:\/\/www.bluefinncharters.com\/pt-br\/wp-json\/wp\/v2\/pages"}],"about":[{"href":"https:\/\/www.bluefinncharters.com\/pt-br\/wp-json\/wp\/v2\/types\/page"}],"author":[{"embeddable":true,"href":"https:\/\/www.bluefinncharters.com\/pt-br\/wp-json\/wp\/v2\/users\/71"}],"replies":[{"embeddable":true,"href":"https:\/\/www.bluefinncharters.com\/pt-br\/wp-json\/wp\/v2\/comments?post=17801"}],"version-history":[{"count":4,"href":"https:\/\/www.bluefinncharters.com\/pt-br\/wp-json\/wp\/v2\/pages\/17801\/revisions"}],"predecessor-version":[{"id":18011,"href":"https:\/\/www.bluefinncharters.com\/pt-br\/wp-json\/wp\/v2\/pages\/17801\/revisions\/18011"}],"wp:featuredmedia":[{"embeddable":true,"href":"https:\/\/www.bluefinncharters.com\/pt-br\/wp-json\/wp\/v2\/media\/18821"}],"wp:attachment":[{"href":"https:\/\/www.bluefinncharters.com\/pt-br\/wp-json\/wp\/v2\/media?parent=17801"}],"wp:term":[{"taxonomy":"post_tag","embeddable":true,"href":"https:\/\/www.bluefinncharters.com\/pt-br\/wp-json\/wp\/v2\/tags?post=17801"}],"curies":[{"name":"wp","href":"https:\/\/api.w.org\/{rel}","templated":true}]}}