{"id":13071,"date":"2022-10-13T23:38:50","date_gmt":"2022-10-13T23:38:50","guid":{"rendered":"https:\/\/www.bluefinncharters.com\/?page_id=13071"},"modified":"2025-11-06T13:59:10","modified_gmt":"2025-11-06T13:59:10","slug":"home-pt-2","status":"publish","type":"page","link":"https:\/\/www.bluefinncharters.com\/pt-br\/","title":{"rendered":"Home PT"},"content":{"rendered":"","protected":false},"excerpt":{"rendered":"","protected":false},"author":71,"featured_media":0,"parent":0,"menu_order":0,"comment_status":"closed","ping_status":"closed","template":"","meta":{"footnotes":""},"tags":[],"class_list":["post-13071","page","type-page","status-publish","hentry"],"meta_box":{"enable_sticky_booknow":"","sticky_booknow_label":"","captains":[],"sailors":[],"support":[],"reviews":[{"name":"Giovana S.","star_rating":"5","platform":"Tripadvisor","review_date":"2022-10-13","review":"Um dos melhores passeios. Tripula\u00e7\u00e3o excelente! Ambiente descontra\u00eddo, comida \u00f3tima, estrutura super bem cuidada!"},{"name":"Marcelo M","star_rating":"5","platform":"Tripadvisor","review_date":"2020-03-19","review":"Unbelievably good - Super experience, what a day, good quality food, drinks, music and on top of that great crew!!! 100% guarantee for great day"},{"name":"Rafael P.","star_rating":"5","platform":"Tripadvisor","review_date":"2020-02-26","review":"Passeio imperdivel para quem vai a Cura\u00e7ao. Comida excelente, fartura de bebidas, estrutura do barco sensacional alem da cordialidade da tripula\u00e7ao. A ilha Klein \u00e9 sensacional, mar absurdamente azul. Recomendo."}]},"_links":{"self":[{"href":"https:\/\/www.bluefinncharters.com\/pt-br\/wp-json\/wp\/v2\/pages\/13071","targetHints":{"allow":["GET"]}}],"collection":[{"href":"https:\/\/www.bluefinncharters.com\/pt-br\/wp-json\/wp\/v2\/pages"}],"about":[{"href":"https:\/\/www.bluefinncharters.com\/pt-br\/wp-json\/wp\/v2\/types\/page"}],"author":[{"embeddable":true,"href":"https:\/\/www.bluefinncharters.com\/pt-br\/wp-json\/wp\/v2\/users\/71"}],"replies":[{"embeddable":true,"href":"https:\/\/www.bluefinncharters.com\/pt-br\/wp-json\/wp\/v2\/comments?post=13071"}],"version-history":[{"count":2,"href":"https:\/\/www.bluefinncharters.com\/pt-br\/wp-json\/wp\/v2\/pages\/13071\/revisions"}],"predecessor-version":[{"id":28945,"href":"https:\/\/www.bluefinncharters.com\/pt-br\/wp-json\/wp\/v2\/pages\/13071\/revisions\/28945"}],"wp:attachment":[{"href":"https:\/\/www.bluefinncharters.com\/pt-br\/wp-json\/wp\/v2\/media?parent=13071"}],"wp:term":[{"taxonomy":"post_tag","embeddable":true,"href":"https:\/\/www.bluefinncharters.com\/pt-br\/wp-json\/wp\/v2\/tags?post=13071"}],"curies":[{"name":"wp","href":"https:\/\/api.w.org\/{rel}","templated":true}]}}