{"id":17821,"date":"2024-07-16T08:52:21","date_gmt":"2024-07-16T08:52:21","guid":{"rendered":"https:\/\/www.bluefinncharters.com\/the-ultimate-beach-trip-packing-list-for-curacao\/"},"modified":"2023-07-04T08:19:53","modified_gmt":"2023-07-04T08:19:53","slug":"la-lista-definitiva-de-empaque-para-un-viaje-a-la-playa-en-curazao","status":"publish","type":"page","link":"https:\/\/www.bluefinncharters.com\/es\/la-lista-definitiva-de-empaque-para-un-viaje-a-la-playa-en-curazao\/","title":{"rendered":"La Lista Definitiva de Empaque para un Viaje a la Playa en Curazao"},"content":{"rendered":"\n<p>Aseg\u00farate de tener todo lo que necesitas para un exitoso viaje a la playa en Curazao con nuestra lista de empaque. Aprende sobre los elementos esenciales, as\u00ed como los art\u00edculos que podr\u00edas olvidar empacar.<\/p>\n","protected":false},"excerpt":{"rendered":"<p>Aseg\u00farate de tener todo lo que necesitas para un exitoso viaje a la playa en Curazao con nuestra lista de empaque. Aprende sobre los elementos esenciales, as\u00ed como los art\u00edculos que podr\u00edas olvidar empacar.<\/p>\n","protected":false},"author":71,"featured_media":18831,"parent":0,"menu_order":0,"comment_status":"closed","ping_status":"closed","template":"","meta":{"footnotes":""},"tags":[691],"class_list":["post-17821","page","type-page","status-publish","has-post-thumbnail","hentry","tag-article-es"],"meta_box":{"enable_sticky_booknow":"","sticky_booknow_label":"","captains":[],"sailors":[],"support":[],"reviews":[]},"_links":{"self":[{"href":"https:\/\/www.bluefinncharters.com\/es\/wp-json\/wp\/v2\/pages\/17821","targetHints":{"allow":["GET"]}}],"collection":[{"href":"https:\/\/www.bluefinncharters.com\/es\/wp-json\/wp\/v2\/pages"}],"about":[{"href":"https:\/\/www.bluefinncharters.com\/es\/wp-json\/wp\/v2\/types\/page"}],"author":[{"embeddable":true,"href":"https:\/\/www.bluefinncharters.com\/es\/wp-json\/wp\/v2\/users\/71"}],"replies":[{"embeddable":true,"href":"https:\/\/www.bluefinncharters.com\/es\/wp-json\/wp\/v2\/comments?post=17821"}],"version-history":[{"count":4,"href":"https:\/\/www.bluefinncharters.com\/es\/wp-json\/wp\/v2\/pages\/17821\/revisions"}],"predecessor-version":[{"id":18021,"href":"https:\/\/www.bluefinncharters.com\/es\/wp-json\/wp\/v2\/pages\/17821\/revisions\/18021"}],"wp:featuredmedia":[{"embeddable":true,"href":"https:\/\/www.bluefinncharters.com\/es\/wp-json\/wp\/v2\/media\/18831"}],"wp:attachment":[{"href":"https:\/\/www.bluefinncharters.com\/es\/wp-json\/wp\/v2\/media?parent=17821"}],"wp:term":[{"taxonomy":"post_tag","embeddable":true,"href":"https:\/\/www.bluefinncharters.com\/es\/wp-json\/wp\/v2\/tags?post=17821"}],"curies":[{"name":"wp","href":"https:\/\/api.w.org\/{rel}","templated":true}]}}