{"id":13011,"date":"2022-10-13T23:38:50","date_gmt":"2022-10-13T23:38:50","guid":{"rendered":"https:\/\/www.bluefinncharters.com\/?page_id=13011"},"modified":"2025-11-06T13:59:26","modified_gmt":"2025-11-06T13:59:26","slug":"home-es","status":"publish","type":"page","link":"https:\/\/www.bluefinncharters.com\/es\/","title":{"rendered":"Home ES"},"content":{"rendered":"","protected":false},"excerpt":{"rendered":"","protected":false},"author":71,"featured_media":0,"parent":0,"menu_order":0,"comment_status":"closed","ping_status":"closed","template":"","meta":{"footnotes":""},"tags":[],"class_list":["post-13011","page","type-page","status-publish","hentry"],"meta_box":{"enable_sticky_booknow":"","sticky_booknow_label":"","captains":[],"sailors":[],"support":[],"reviews":[{"name":"Kelly J.","star_rating":"5","platform":"Tripadvisor","review_date":"2023-09-19","review":"Experiencia relajante con un staff muy atento y servicial. El catamaran en buenas condiciones y excelente servicio de comida y bebidas"},{"name":"Sonia R.","star_rating":"5","platform":"Tripadvisor","review_date":"2023-08-17","review":"Maravillosa excursi\u00f3n. El personal amable si bien hablaban en ingl\u00e9s se acerc\u00f3 uno de ellos y en espa\u00f1ol me explic\u00f3 todo. Simplemente GENIAL."},{"name":"Miriam K.","star_rating":"5","platform":"Tripadvisor","review_date":"2023-07-19","review":"El viaje fue excelente, la playa de la peque\u00f1a isla es bell\u00edsima, la atenci\u00f3n a bordo del catamar\u00e1n muy buena, con personal c\u00e1lido, encantador y atento. El almuerzo estuvo bien y todo el viaje result\u00f3 muy bien organizado."},{"name":"Nahir C","star_rating":"5","platform":"Tripadvisor","review_date":"2023-05-17","review":"S\u00faper recomendable, el lugar es paradis\u00edaco. El servicio y atenci\u00f3n en el catamar\u00e1n fue excelente. Los chicos muy amables, el almuerzo, las bebidas deliciosas. Felicitaciones!!!"}]},"_links":{"self":[{"href":"https:\/\/www.bluefinncharters.com\/es\/wp-json\/wp\/v2\/pages\/13011","targetHints":{"allow":["GET"]}}],"collection":[{"href":"https:\/\/www.bluefinncharters.com\/es\/wp-json\/wp\/v2\/pages"}],"about":[{"href":"https:\/\/www.bluefinncharters.com\/es\/wp-json\/wp\/v2\/types\/page"}],"author":[{"embeddable":true,"href":"https:\/\/www.bluefinncharters.com\/es\/wp-json\/wp\/v2\/users\/71"}],"replies":[{"embeddable":true,"href":"https:\/\/www.bluefinncharters.com\/es\/wp-json\/wp\/v2\/comments?post=13011"}],"version-history":[{"count":2,"href":"https:\/\/www.bluefinncharters.com\/es\/wp-json\/wp\/v2\/pages\/13011\/revisions"}],"predecessor-version":[{"id":28918,"href":"https:\/\/www.bluefinncharters.com\/es\/wp-json\/wp\/v2\/pages\/13011\/revisions\/28918"}],"wp:attachment":[{"href":"https:\/\/www.bluefinncharters.com\/es\/wp-json\/wp\/v2\/media?parent=13011"}],"wp:term":[{"taxonomy":"post_tag","embeddable":true,"href":"https:\/\/www.bluefinncharters.com\/es\/wp-json\/wp\/v2\/tags?post=13011"}],"curies":[{"name":"wp","href":"https:\/\/api.w.org\/{rel}","templated":true}]}}