{"id":18221,"date":"2024-07-16T08:52:18","date_gmt":"2024-07-16T08:52:18","guid":{"rendered":"https:\/\/www.bluefinncharters.com\/?page_id=18221"},"modified":"2023-10-13T15:29:09","modified_gmt":"2023-10-13T15:29:09","slug":"wie-man-eine-budgetfreundliche-strandreise-auf-curacao-plant","status":"publish","type":"page","link":"https:\/\/www.bluefinncharters.com\/de\/wie-man-eine-budgetfreundliche-strandreise-auf-curacao-plant\/","title":{"rendered":"Wie man eine budgetfreundliche Strandreise auf Cura\u00e7ao plant"},"content":{"rendered":"\n<p>Entdecke Tipps und Tricks f\u00fcr die Planung einer budgetfreundlichen Strandreise nach Cura\u00e7ao. Erfahre mehr \u00fcber erschwingliche Unterk\u00fcnfte, Restaurants und Aktivit\u00e4ten, um Geld zu sparen und trotzdem eine tolle Zeit zu haben.<\/p>\n","protected":false},"excerpt":{"rendered":"<p>Entdecke Tipps und Tricks f\u00fcr die Planung einer budgetfreundlichen Strandreise nach Cura\u00e7ao. Erfahre mehr \u00fcber erschwingliche Unterk\u00fcnfte, Restaurants und Aktivit\u00e4ten, um Geld zu sparen und trotzdem eine tolle Zeit zu haben.<\/p>\n","protected":false},"author":71,"featured_media":19311,"parent":0,"menu_order":0,"comment_status":"closed","ping_status":"closed","template":"","meta":{"footnotes":""},"tags":[671],"class_list":["post-18221","page","type-page","status-publish","has-post-thumbnail","hentry","tag-article-de"],"meta_box":{"enable_sticky_booknow":"","sticky_booknow_label":"","captains":[],"sailors":[],"support":[],"reviews":[]},"_links":{"self":[{"href":"https:\/\/www.bluefinncharters.com\/de\/wp-json\/wp\/v2\/pages\/18221","targetHints":{"allow":["GET"]}}],"collection":[{"href":"https:\/\/www.bluefinncharters.com\/de\/wp-json\/wp\/v2\/pages"}],"about":[{"href":"https:\/\/www.bluefinncharters.com\/de\/wp-json\/wp\/v2\/types\/page"}],"author":[{"embeddable":true,"href":"https:\/\/www.bluefinncharters.com\/de\/wp-json\/wp\/v2\/users\/71"}],"replies":[{"embeddable":true,"href":"https:\/\/www.bluefinncharters.com\/de\/wp-json\/wp\/v2\/comments?post=18221"}],"version-history":[{"count":2,"href":"https:\/\/www.bluefinncharters.com\/de\/wp-json\/wp\/v2\/pages\/18221\/revisions"}],"predecessor-version":[{"id":18241,"href":"https:\/\/www.bluefinncharters.com\/de\/wp-json\/wp\/v2\/pages\/18221\/revisions\/18241"}],"wp:featuredmedia":[{"embeddable":true,"href":"https:\/\/www.bluefinncharters.com\/de\/wp-json\/wp\/v2\/media\/19311"}],"wp:attachment":[{"href":"https:\/\/www.bluefinncharters.com\/de\/wp-json\/wp\/v2\/media?parent=18221"}],"wp:term":[{"taxonomy":"post_tag","embeddable":true,"href":"https:\/\/www.bluefinncharters.com\/de\/wp-json\/wp\/v2\/tags?post=18221"}],"curies":[{"name":"wp","href":"https:\/\/api.w.org\/{rel}","templated":true}]}}