{"id":18051,"date":"2024-07-16T08:52:19","date_gmt":"2024-07-16T08:52:19","guid":{"rendered":"https:\/\/www.bluefinncharters.com\/?page_id=18051"},"modified":"2023-09-25T16:47:42","modified_gmt":"2023-09-25T16:47:42","slug":"bleiben-sie-sicher-bei-ihrem-strandurlaub-auf-curacao-mit-diesen-tipps","status":"publish","type":"page","link":"https:\/\/www.bluefinncharters.com\/de\/bleiben-sie-sicher-bei-ihrem-strandurlaub-auf-curacao-mit-diesen-tipps\/","title":{"rendered":"Bleiben Sie sicher bei Ihrem Strandurlaub auf Cura\u00e7ao mit diesen Tips"},"content":{"rendered":"\n<p>Erfahren Sie mehr \u00fcber die wichtigsten Sicherheitstipps f\u00fcr den Strand auf Cura\u00e7ao, einschlie\u00dflich Sonnenschutz, Wassersicherheit und dem Vermeiden von h\u00e4ufigen Strandgefahren.<\/p>\n","protected":false},"excerpt":{"rendered":"<p>Erfahren Sie mehr \u00fcber die wichtigsten Sicherheitstipps f\u00fcr den Strand auf Cura\u00e7ao, einschlie\u00dflich Sonnenschutz, Wassersicherheit und dem Vermeiden von h\u00e4ufigen Strandgefahren.<\/p>\n","protected":false},"author":71,"featured_media":19061,"parent":0,"menu_order":0,"comment_status":"closed","ping_status":"closed","template":"","meta":{"footnotes":""},"tags":[671],"class_list":["post-18051","page","type-page","status-publish","has-post-thumbnail","hentry","tag-article-de"],"meta_box":{"enable_sticky_booknow":"","sticky_booknow_label":"","captains":[],"sailors":[],"support":[],"reviews":[]},"_links":{"self":[{"href":"https:\/\/www.bluefinncharters.com\/de\/wp-json\/wp\/v2\/pages\/18051","targetHints":{"allow":["GET"]}}],"collection":[{"href":"https:\/\/www.bluefinncharters.com\/de\/wp-json\/wp\/v2\/pages"}],"about":[{"href":"https:\/\/www.bluefinncharters.com\/de\/wp-json\/wp\/v2\/types\/page"}],"author":[{"embeddable":true,"href":"https:\/\/www.bluefinncharters.com\/de\/wp-json\/wp\/v2\/users\/71"}],"replies":[{"embeddable":true,"href":"https:\/\/www.bluefinncharters.com\/de\/wp-json\/wp\/v2\/comments?post=18051"}],"version-history":[{"count":3,"href":"https:\/\/www.bluefinncharters.com\/de\/wp-json\/wp\/v2\/pages\/18051\/revisions"}],"predecessor-version":[{"id":20871,"href":"https:\/\/www.bluefinncharters.com\/de\/wp-json\/wp\/v2\/pages\/18051\/revisions\/20871"}],"wp:featuredmedia":[{"embeddable":true,"href":"https:\/\/www.bluefinncharters.com\/de\/wp-json\/wp\/v2\/media\/19061"}],"wp:attachment":[{"href":"https:\/\/www.bluefinncharters.com\/de\/wp-json\/wp\/v2\/media?parent=18051"}],"wp:term":[{"taxonomy":"post_tag","embeddable":true,"href":"https:\/\/www.bluefinncharters.com\/de\/wp-json\/wp\/v2\/tags?post=18051"}],"curies":[{"name":"wp","href":"https:\/\/api.w.org\/{rel}","templated":true}]}}