{"id":17761,"date":"2024-07-16T08:52:21","date_gmt":"2024-07-16T08:52:21","guid":{"rendered":"https:\/\/www.bluefinncharters.com\/the-ultimate-beach-trip-packing-list-for-curacao\/"},"modified":"2023-07-03T20:25:23","modified_gmt":"2023-07-03T20:25:23","slug":"die-ultimative-packliste-fuer-einen-strandurlaub-auf-curacao","status":"publish","type":"page","link":"https:\/\/www.bluefinncharters.com\/de\/die-ultimative-packliste-fuer-einen-strandurlaub-auf-curacao\/","title":{"rendered":"Die ultimative Packliste f\u00fcr einen Strandurlaub auf Curacao"},"content":{"rendered":"\n<p>Stellen Sie sicher, dass Sie alles f\u00fcr einen erfolgreichen Strandurlaub auf Curacao haben, mit unserer Packliste. Erfahren Sie mehr \u00fcber das Notwendige sowie \u00fcber Artikel, die Sie eventuell vergessen zu packen k\u00f6nnten.<\/p>\n","protected":false},"excerpt":{"rendered":"<p>Stellen Sie sicher, dass Sie alles f\u00fcr einen erfolgreichen Strandurlaub auf Curacao haben, mit unserer Packliste. Erfahren Sie mehr \u00fcber das Notwendige sowie \u00fcber Artikel, die Sie eventuell vergessen zu packen k\u00f6nnten.<\/p>\n","protected":false},"author":71,"featured_media":18811,"parent":0,"menu_order":0,"comment_status":"closed","ping_status":"closed","template":"","meta":{"footnotes":""},"tags":[671],"class_list":["post-17761","page","type-page","status-publish","has-post-thumbnail","hentry","tag-article-de"],"meta_box":{"enable_sticky_booknow":"","sticky_booknow_label":"","captains":[],"sailors":[],"support":[],"reviews":[]},"_links":{"self":[{"href":"https:\/\/www.bluefinncharters.com\/de\/wp-json\/wp\/v2\/pages\/17761","targetHints":{"allow":["GET"]}}],"collection":[{"href":"https:\/\/www.bluefinncharters.com\/de\/wp-json\/wp\/v2\/pages"}],"about":[{"href":"https:\/\/www.bluefinncharters.com\/de\/wp-json\/wp\/v2\/types\/page"}],"author":[{"embeddable":true,"href":"https:\/\/www.bluefinncharters.com\/de\/wp-json\/wp\/v2\/users\/71"}],"replies":[{"embeddable":true,"href":"https:\/\/www.bluefinncharters.com\/de\/wp-json\/wp\/v2\/comments?post=17761"}],"version-history":[{"count":4,"href":"https:\/\/www.bluefinncharters.com\/de\/wp-json\/wp\/v2\/pages\/17761\/revisions"}],"predecessor-version":[{"id":18001,"href":"https:\/\/www.bluefinncharters.com\/de\/wp-json\/wp\/v2\/pages\/17761\/revisions\/18001"}],"wp:featuredmedia":[{"embeddable":true,"href":"https:\/\/www.bluefinncharters.com\/de\/wp-json\/wp\/v2\/media\/18811"}],"wp:attachment":[{"href":"https:\/\/www.bluefinncharters.com\/de\/wp-json\/wp\/v2\/media?parent=17761"}],"wp:term":[{"taxonomy":"post_tag","embeddable":true,"href":"https:\/\/www.bluefinncharters.com\/de\/wp-json\/wp\/v2\/tags?post=17761"}],"curies":[{"name":"wp","href":"https:\/\/api.w.org\/{rel}","templated":true}]}}